{"id":15877,"date":"2022-01-26T18:51:47","date_gmt":"2022-01-26T17:51:47","guid":{"rendered":"http:\/\/zerlina.devel.tesarovi.online\/accomodation\/"},"modified":"2022-11-18T18:02:40","modified_gmt":"2022-11-18T17:02:40","slug":"accomodation","status":"publish","type":"page","link":"https:\/\/www.zerlina.cz\/en\/accomodation\/","title":{"rendered":"Accomodation"},"content":{"rendered":"<p>[vc_row][vc_column]\r\n\t<div class=\"agrikole-spacer clearfix\" data-desktop=\"30\" data-mobi=\"15\" data-smobi=\"15\"><\/div>[vc_row_inner][vc_column_inner width=&#8221;1\/2&#8243;]<div class=\"agrikole-content-box clearfix \" data-padding=\"0px 70px 0px 0px\" data-mobipadding=\"0px 0px 0px 0px\" data-margin=\"\" data-mobimargin=\"\" >\r\n\t\t<div class=\"inner ctb-568547963\" style=\"\"  data-background=\"\" data-border-style=\"solid\" data-border-style-hover=\"solid\">\r\n\t\t\t<div class=\"agrikole-simple-image simple \" style=\"border-radius:4px;overflow:hidden;\">\r\n\t\t\t\t<img decoding=\"async\" alt=\"image\" src=\"https:\/\/www.zerlina.cz\/wp-content\/uploads\/2022\/01\/ubytovani_uvod.png\" \/> \r\n\t\t\t<\/div>\r\n\t\t<\/div>\r\n\t<\/div>\r\n\t<div class=\"agrikole-spacer clearfix\" data-desktop=\"0\" data-mobi=\"40\" data-smobi=\"40\"><\/div>[\/vc_column_inner][vc_column_inner width=&#8221;1\/2&#8243;]<div class=\"agrikole-headings clearfix \" data-font=70 data-mfont=60 style=\"\"><div class=\"pre-heading clearfix\" style=\"font-weight:600;color:#b41918;font-size:14px;letter-spacing:3px;\">\r\n\t\tTreat yourself to a rest\r\n\t<\/div><h2 class=\"heading clearfix \" style=\"color:#186192;line-height:70px;letter-spacing:3pxpx;margin-top:4px;font-size:70px;\">\r\n\t\tHOLIDAY ON A WALLACHIA FARM\r\n\t<\/h2><div class=\"sep clearfix\" style=\"margin:5px 0 0;\">\r\n\t\t\t\t<img decoding=\"async\" alt=\"image\" src=\"https:\/\/www.zerlina.cz\/wp-content\/uploads\/2022\/02\/Kreslici-platno-1-e1644168096444.png\">\r\n\t\t\t<\/div><\/div>\r\n\t<div class=\"agrikole-spacer clearfix\" data-desktop=\"40\" data-mobi=\"20\" data-smobi=\"20\"><\/div><div class=\"agrikole-icon-box clearfix icon-left align-left  link-hover-accent simple\" style=\"\" ><div class=\"wrap-inner\" style=\"position: relative;\"><div class=\"image-wrap\" style=\"\">\r\n\t\t\t\t<img decoding=\"async\" alt=\"image\" src=\"https:\/\/www.zerlina.cz\/wp-content\/uploads\/2022\/02\/kyticka.png\">\r\n\t\t\t<\/div> <div class=\"content-wrap\"><div class=\"desc\" style=\"padding-left:85px;\"><p><span>Luxuriously furnished and renovated 4+kk apartment with separate entrance<\/span><\/p>\n<\/div><\/div><\/div><\/div><div class=\"agrikole-icon-box clearfix icon-left align-left  link-hover-accent simple\" style=\"\" ><div class=\"wrap-inner\" style=\"position: relative;\"><div class=\"image-wrap\" style=\"\">\r\n\t\t\t\t<img decoding=\"async\" alt=\"image\" src=\"https:\/\/www.zerlina.cz\/wp-content\/uploads\/2022\/02\/kyticka.png\">\r\n\t\t\t<\/div> <div class=\"content-wrap\"><div class=\"desc\" style=\"padding-left:85px;\"><p><span>Fully equipped kitchen with fridge, stove and oven<\/span><\/p>\n<\/div><\/div><\/div><\/div><div class=\"agrikole-icon-box clearfix icon-left align-left  link-hover-accent simple\" style=\"\" ><div class=\"wrap-inner\" style=\"position: relative;\"><div class=\"image-wrap\" style=\"\">\r\n\t\t\t\t<img decoding=\"async\" alt=\"image\" src=\"https:\/\/www.zerlina.cz\/wp-content\/uploads\/2022\/02\/kyticka.png\">\r\n\t\t\t<\/div> <div class=\"content-wrap\"><div class=\"desc\" style=\"padding-left:85px;\"><p><span>Sunny living room with stove and table for 9 people, 3 bedrooms (4\/3\/2 beds)<\/span><\/p>\n<\/div><\/div><\/div><\/div><div class=\"agrikole-icon-box clearfix icon-left align-left  link-hover-accent simple\" style=\"\" ><div class=\"wrap-inner\" style=\"position: relative;\"><div class=\"image-wrap\" style=\"\">\r\n\t\t\t\t<img decoding=\"async\" alt=\"image\" src=\"https:\/\/www.zerlina.cz\/wp-content\/uploads\/2022\/02\/kyticka.png\">\r\n\t\t\t<\/div> <div class=\"content-wrap\"><div class=\"desc\" style=\"padding-left:85px;\"><p><span>Separate toilet, spacious bathroom with large bathtub and two sinks<\/span><\/p>\n<\/div><\/div><\/div><\/div><div class=\"agrikole-icon-box clearfix icon-left align-left  link-hover-accent simple\" style=\"\" ><div class=\"wrap-inner\" style=\"position: relative;\"><div class=\"image-wrap\" style=\"\">\r\n\t\t\t\t<img decoding=\"async\" alt=\"image\" src=\"https:\/\/www.zerlina.cz\/wp-content\/uploads\/2022\/02\/kyticka.png\">\r\n\t\t\t<\/div> <div class=\"content-wrap\"><div class=\"desc\" style=\"padding-left:85px;\"><p><span>Plenty of storage space, free outdoor fireplace, grill for rent<\/span><\/p>\n<\/div><\/div><\/div><\/div><div class=\"agrikole-icon-box clearfix icon-left align-left  link-hover-accent simple\" style=\"\" ><div class=\"wrap-inner\" style=\"position: relative;\"><div class=\"image-wrap\" style=\"\">\r\n\t\t\t\t<img decoding=\"async\" alt=\"image\" src=\"https:\/\/www.zerlina.cz\/wp-content\/uploads\/2022\/02\/kyticka.png\">\r\n\t\t\t<\/div> <div class=\"content-wrap\"><div class=\"desc\" style=\"padding-left:85px;color:#000000;\"><p><span>Parking free, own entrance, <strong>farming program<\/strong> for extra charge. <\/span><\/p>\n<\/div><\/div><\/div><\/div>[\/vc_column_inner][\/vc_row_inner][vc_row_inner][vc_column_inner]\r\n\t<div class=\"agrikole-spacer clearfix\" data-desktop=\"120\" data-mobi=\"60\" data-smobi=\"60\"><\/div>[\/vc_column_inner][\/vc_row_inner]<div class=\"agrikole-headings clearfix text-center\" data-font=70 data-mfont=60 style=\"\"><h2 class=\"heading clearfix \" style=\"color:#186192;line-height:70px;font-size:70px;\">\r\n\t\tPrice list\r\n\t<\/h2><\/div>\r\n\t<div class=\"agrikole-spacer clearfix\" data-desktop=\"30\" data-mobi=\"30\" data-smobi=\"30\"><\/div><div class=\"agrikole-single-heading clearfix  has-line\" style=\"\"><span class=\"inner\"><span class=\"line \" style=\"width:20px;height:2px;background-color:#186192;\"><\/span><span class=\"heading clearfix \" style=\"font-size:18px;\">\r\n\t\tMinimum price is 1 600 K\u010d\/night, or according to the actual number of persons\r\n\t<\/span><\/span><\/div>\r\n\t<div class=\"agrikole-spacer clearfix\" data-desktop=\"50\" data-mobi=\"30\" data-smobi=\"30\"><\/div>[\/vc_column][\/vc_row][vc_row css=&#8221;.vc_custom_1644608228984{background-color: #f5f0e9 !important;}&#8221;][vc_column width=&#8221;1\/2&#8243;]<div class=\"agrikole-price-table \" style=\"padding:2px;background:url() lt no-repeat;\">\r\n\t\t<div class=\"price-name\" style=\"\">\r\n\t\t\t<div class=\"heading \" style=\"color:#b41918;font-size:20px;\">2-4 nights<\/div>\r\n\t\t<\/div> <div class=\"price-figure\" style=\"\">\r\n\t\t\t<span class=\"price-wrap\"> <span class=\"figure \" style=\"font-size:16px;\">560 K\u010d\/<\/span> <span class=\"term \" style=\"\">person\/night<\/span><\/span>\r\n\t\t<\/div>\r\n\t\t<div class=\"price-features\" style=\"\"><p>1 kid up to 15 FREE OF CHARGE + Breakfest for first day free of charge<\/p>\n<\/div>\r\n\t\t\r\n\t<\/div>[\/vc_column][vc_column width=&#8221;1\/2&#8243;]<div class=\"agrikole-price-table \" style=\"\">\r\n\t\t<div class=\"price-name\" style=\"\">\r\n\t\t\t<div class=\"heading \" style=\"color:#b41918;font-size:20px;\">5 nights and more<\/div>\r\n\t\t<\/div> <div class=\"price-figure\" style=\"\">\r\n\t\t\t<span class=\"price-wrap\"> <span class=\"figure \" style=\"\">500 K\u010d\/<\/span> <span class=\"term \" style=\"\">person\/night<\/span><\/span>\r\n\t\t<\/div>\r\n\t\t<div class=\"price-features\" style=\"\"><p>1 kid up to 15 FREE OF CHARGE + Breakfest for first day free of charge<\/p>\n<\/div>\r\n\t\t\r\n\t<\/div>[\/vc_column][\/vc_row][vc_row css=&#8221;.vc_custom_1644608258310{background-color: #f5f0e9 !important;}&#8221;][vc_column][vc_row_inner][vc_column_inner]<div class=\"agrikole-single-heading clearfix  has-line\" style=\"\"><span class=\"inner\"><span class=\"line \" style=\"width:20px;height:2px;background-color:#063654;\"><\/span><span class=\"heading clearfix \" style=\"font-size:14px;\">\r\n\t\tprice incl. VAT and fees to the municipality. Parking free, non-smoking appartment, pets not allowed.\r\n\t<\/span><\/span><\/div>[\/vc_column_inner][\/vc_row_inner][\/vc_column][\/vc_row][vc_row][vc_column]\r\n\t<div class=\"agrikole-spacer clearfix\" data-desktop=\"60\" data-mobi=\"60\" data-smobi=\"60\"><\/div>[vc_row_inner][vc_column_inner]<span><a href=\"https:\/\/reenio.cz\/cs\/redirect\/subjectpage\/GQ3TEMQ\" class=\"reenio-reservation-btn\" target=\"_blank\" data-no-dialog=\"1\" style=\"color: #fff; background-color: #f05033; border-radius: 4px; font-family: Arial, Helvetica, sans-serif; font-weight: bold; display: inline-block; padding: 6px 12px; text-decoration: none;\">Kalend\u00e1\u0159 obsazenosti<\/a><script src=\"https:\/\/reenio.cz\/cs\/GQ3TEMQ\/widget-reservation-btn.js\" async defer><\/script><\/span><div class=\"agrikole-headings clearfix text-center\" data-font=70 data-mfont=60 style=\"\"><h2 class=\"heading clearfix \" style=\"color:#186192;line-height:70px;font-size:70px;\">\r\n\t\tVirtu\u00e1ln\u011b nakoukn\u011bte\r\n\t<\/h2><div class=\"sep clearfix\" style=\"margin:5px 0 0;\">\r\n\t\t\t\t<img decoding=\"async\" alt=\"image\" src=\"https:\/\/www.zerlina.cz\/wp-content\/uploads\/2022\/02\/Kreslici-platno-1-e1644168096444.png\">\r\n\t\t\t<\/div><\/div>\r\n\t<div class=\"agrikole-spacer clearfix\" data-desktop=\"60\" data-mobi=\"50\" data-smobi=\"50\"><\/div><div class=\"agrikole-images-grid clearfix\" data-layout=\"grid\" data-column=\"4\" data-column2=\"3\" data-column3=\"2\" data-column4=\"1\" data-gaph=\"30\" data-gapv=\"30\"><div id=\"images-wrap\" class=\"cbp\"><div class=\"cbp-item\"><div class=\"item-wrap\" style=\"border-radius:3px;overflow:hidden;\"><a class=\"zoom-popup cbp-lightbox\" href=\"https:\/\/www.zerlina.cz\/wp-content\/uploads\/2022\/01\/pokoj-3-kout.jpg\"><\/a><img decoding=\"async\" src=\"https:\/\/www.zerlina.cz\/wp-content\/uploads\/2022\/01\/pokoj-3-kout.jpg\" alt=\"image\" \/><\/div><\/div><div class=\"cbp-item\"><div class=\"item-wrap\" style=\"border-radius:3px;overflow:hidden;\"><a class=\"zoom-popup cbp-lightbox\" href=\"https:\/\/www.zerlina.cz\/wp-content\/uploads\/2022\/01\/pokoj-m4.jpg\"><\/a><img decoding=\"async\" src=\"https:\/\/www.zerlina.cz\/wp-content\/uploads\/2022\/01\/pokoj-m4.jpg\" alt=\"image\" \/><\/div><\/div><div class=\"cbp-item\"><div class=\"item-wrap\" style=\"border-radius:3px;overflow:hidden;\"><a class=\"zoom-popup cbp-lightbox\" href=\"https:\/\/www.zerlina.cz\/wp-content\/uploads\/2022\/01\/ubytovani-zazitky-na-farme-656962471.jpg\"><\/a><img decoding=\"async\" src=\"https:\/\/www.zerlina.cz\/wp-content\/uploads\/2022\/01\/ubytovani-zazitky-na-farme-656962471.jpg\" alt=\"image\" \/><\/div><\/div><div class=\"cbp-item\"><div class=\"item-wrap\" style=\"border-radius:3px;overflow:hidden;\"><a class=\"zoom-popup cbp-lightbox\" href=\"https:\/\/www.zerlina.cz\/wp-content\/uploads\/2022\/01\/ubytovani-zazitky-na-farme-196678279.jpg\"><\/a><img decoding=\"async\" src=\"https:\/\/www.zerlina.cz\/wp-content\/uploads\/2022\/01\/ubytovani-zazitky-na-farme-196678279.jpg\" alt=\"image\" \/><\/div><\/div><div class=\"cbp-item\"><div class=\"item-wrap\" style=\"border-radius:3px;overflow:hidden;\"><a class=\"zoom-popup cbp-lightbox\" href=\"https:\/\/www.zerlina.cz\/wp-content\/uploads\/2022\/01\/byt.jpg\"><\/a><img decoding=\"async\" src=\"https:\/\/www.zerlina.cz\/wp-content\/uploads\/2022\/01\/byt.jpg\" alt=\"image\" \/><\/div><\/div><div class=\"cbp-item\"><div class=\"item-wrap\" style=\"border-radius:3px;overflow:hidden;\"><a class=\"zoom-popup cbp-lightbox\" href=\"https:\/\/www.zerlina.cz\/wp-content\/uploads\/2022\/01\/byt_2.jpg\"><\/a><img decoding=\"async\" src=\"https:\/\/www.zerlina.cz\/wp-content\/uploads\/2022\/01\/byt_2.jpg\" alt=\"image\" \/><\/div><\/div><div class=\"cbp-item\"><div class=\"item-wrap\" style=\"border-radius:3px;overflow:hidden;\"><a class=\"zoom-popup cbp-lightbox\" href=\"https:\/\/www.zerlina.cz\/wp-content\/uploads\/2022\/01\/ubytovani-zazitky-na-farme-1908281646.jpg\"><\/a><img decoding=\"async\" src=\"https:\/\/www.zerlina.cz\/wp-content\/uploads\/2022\/01\/ubytovani-zazitky-na-farme-1908281646.jpg\" alt=\"image\" \/><\/div><\/div><div class=\"cbp-item\"><div class=\"item-wrap\" style=\"border-radius:3px;overflow:hidden;\"><a class=\"zoom-popup cbp-lightbox\" href=\"https:\/\/www.zerlina.cz\/wp-content\/uploads\/2022\/01\/MG_2670-scaled-e1644169357985.jpg\"><\/a><img decoding=\"async\" src=\"https:\/\/www.zerlina.cz\/wp-content\/uploads\/2022\/01\/MG_2670-scaled-e1644169357985.jpg\" alt=\"image\" \/><\/div><\/div><div class=\"cbp-item\"><div class=\"item-wrap\" style=\"border-radius:3px;overflow:hidden;\"><a class=\"zoom-popup cbp-lightbox\" href=\"https:\/\/www.zerlina.cz\/wp-content\/uploads\/2022\/01\/Vystrizek.jpg\"><\/a><img decoding=\"async\" src=\"https:\/\/www.zerlina.cz\/wp-content\/uploads\/2022\/01\/Vystrizek.jpg\" alt=\"image\" \/><\/div><\/div><div class=\"cbp-item\"><div class=\"item-wrap\" style=\"border-radius:3px;overflow:hidden;\"><a class=\"zoom-popup cbp-lightbox\" href=\"https:\/\/www.zerlina.cz\/wp-content\/uploads\/2022\/01\/P4200571.jpg\"><\/a><img decoding=\"async\" src=\"https:\/\/www.zerlina.cz\/wp-content\/uploads\/2022\/01\/P4200571.jpg\" alt=\"image\" \/><\/div><\/div><div class=\"cbp-item\"><div class=\"item-wrap\" style=\"border-radius:3px;overflow:hidden;\"><a class=\"zoom-popup cbp-lightbox\" href=\"https:\/\/www.zerlina.cz\/wp-content\/uploads\/2022\/01\/MG_2680-scaled.jpg\"><\/a><img decoding=\"async\" src=\"https:\/\/www.zerlina.cz\/wp-content\/uploads\/2022\/01\/MG_2680-scaled.jpg\" alt=\"image\" \/><\/div><\/div><div class=\"cbp-item\"><div class=\"item-wrap\" style=\"border-radius:3px;overflow:hidden;\"><a class=\"zoom-popup cbp-lightbox\" href=\"https:\/\/www.zerlina.cz\/wp-content\/uploads\/2022\/01\/MG_2900-scaled.jpg\"><\/a><img decoding=\"async\" src=\"https:\/\/www.zerlina.cz\/wp-content\/uploads\/2022\/01\/MG_2900-scaled.jpg\" alt=\"image\" \/><\/div><\/div><div class=\"cbp-item\"><div class=\"item-wrap\" style=\"border-radius:3px;overflow:hidden;\"><a class=\"zoom-popup cbp-lightbox\" href=\"https:\/\/www.zerlina.cz\/wp-content\/uploads\/2022\/01\/MG_2308-scaled-e1645044674562.jpg\"><\/a><img decoding=\"async\" src=\"https:\/\/www.zerlina.cz\/wp-content\/uploads\/2022\/01\/MG_2308-scaled-e1645044674562.jpg\" alt=\"image\" \/><\/div><\/div><div class=\"cbp-item\"><div class=\"item-wrap\" style=\"border-radius:3px;overflow:hidden;\"><a class=\"zoom-popup cbp-lightbox\" href=\"https:\/\/www.zerlina.cz\/wp-content\/uploads\/2022\/01\/MG_2316-scaled.jpg\"><\/a><img decoding=\"async\" src=\"https:\/\/www.zerlina.cz\/wp-content\/uploads\/2022\/01\/MG_2316-scaled.jpg\" alt=\"image\" \/><\/div><\/div><div class=\"cbp-item\"><div class=\"item-wrap\" style=\"border-radius:3px;overflow:hidden;\"><a class=\"zoom-popup cbp-lightbox\" href=\"https:\/\/www.zerlina.cz\/wp-content\/uploads\/2022\/01\/MG_2327-scaled.jpg\"><\/a><img decoding=\"async\" src=\"https:\/\/www.zerlina.cz\/wp-content\/uploads\/2022\/01\/MG_2327-scaled.jpg\" alt=\"image\" \/><\/div><\/div><div class=\"cbp-item\"><div class=\"item-wrap\" style=\"border-radius:3px;overflow:hidden;\"><a class=\"zoom-popup cbp-lightbox\" href=\"https:\/\/www.zerlina.cz\/wp-content\/uploads\/2022\/01\/ubytovani-zazitky-na-farme-1111860101.jpg\"><\/a><img decoding=\"async\" src=\"https:\/\/www.zerlina.cz\/wp-content\/uploads\/2022\/01\/ubytovani-zazitky-na-farme-1111860101.jpg\" alt=\"image\" \/><\/div><\/div><div class=\"cbp-item\"><div class=\"item-wrap\" style=\"border-radius:3px;overflow:hidden;\"><a class=\"zoom-popup cbp-lightbox\" href=\"https:\/\/www.zerlina.cz\/wp-content\/uploads\/2022\/01\/ubytovani-zazitky-na-farme-77690987.jpg\"><\/a><img decoding=\"async\" src=\"https:\/\/www.zerlina.cz\/wp-content\/uploads\/2022\/01\/ubytovani-zazitky-na-farme-77690987.jpg\" alt=\"image\" \/><\/div><\/div><\/div><\/div>[\/vc_column_inner][\/vc_row_inner]\r\n\t<div class=\"agrikole-spacer clearfix\" data-desktop=\"120\" data-mobi=\"60\" data-smobi=\"60\"><\/div>[\/vc_column][\/vc_row]<\/p>\n","protected":false},"excerpt":{"rendered":"<p>[vc_row][vc_column][vc_row_inner][vc_column_inner width=&#8221;1\/2&#8243;][\/vc_column_inner][vc_column_inner width=&#8221;1\/2&#8243;][\/vc_column_inner][\/vc_row_inner][vc_row_inner][vc_column_inner][\/vc_column_inner][\/vc_row_inner][\/vc_column][\/vc_row][vc_row css=&#8221;.vc_custom_1644608228984{background-color: #f5f0e9 !important;}&#8221;][vc_column width=&#8221;1\/2&#8243;][\/vc_column][vc_column width=&#8221;1\/2&#8243;][\/vc_column][\/vc_row][vc_row css=&#8221;.vc_custom_1644608258310{background-color: #f5f0e9 !important;}&#8221;][vc_column][vc_row_inner][vc_column_inner][\/vc_column_inner][\/vc_row_inner][\/vc_column][\/vc_row][vc_row][vc_column][vc_row_inner][vc_column_inner][\/vc_column_inner][\/vc_row_inner][\/vc_column][\/vc_row]<\/p>\n","protected":false},"author":2,"featured_media":0,"parent":0,"menu_order":0,"comment_status":"closed","ping_status":"closed","template":"","meta":{"_seopress_robots_primary_cat":"","_seopress_titles_title":"Spacious newly renovated apartment overlooking the goat farm","_seopress_titles_desc":"Pamper your body and soul in our beautiful spacious 4 bedroom apartment, which can accommodate up to 9 people. View from an appartment is to the yard with the animals.","_seopress_robots_index":"","footnotes":""},"class_list":["post-15877","page","type-page","status-publish","hentry"],"_links":{"self":[{"href":"https:\/\/www.zerlina.cz\/en\/wp-json\/wp\/v2\/pages\/15877","targetHints":{"allow":["GET"]}}],"collection":[{"href":"https:\/\/www.zerlina.cz\/en\/wp-json\/wp\/v2\/pages"}],"about":[{"href":"https:\/\/www.zerlina.cz\/en\/wp-json\/wp\/v2\/types\/page"}],"author":[{"embeddable":true,"href":"https:\/\/www.zerlina.cz\/en\/wp-json\/wp\/v2\/users\/2"}],"replies":[{"embeddable":true,"href":"https:\/\/www.zerlina.cz\/en\/wp-json\/wp\/v2\/comments?post=15877"}],"version-history":[{"count":6,"href":"https:\/\/www.zerlina.cz\/en\/wp-json\/wp\/v2\/pages\/15877\/revisions"}],"predecessor-version":[{"id":16280,"href":"https:\/\/www.zerlina.cz\/en\/wp-json\/wp\/v2\/pages\/15877\/revisions\/16280"}],"wp:attachment":[{"href":"https:\/\/www.zerlina.cz\/en\/wp-json\/wp\/v2\/media?parent=15877"}],"curies":[{"name":"wp","href":"https:\/\/api.w.org\/{rel}","templated":true}]}}