{"id":15868,"date":"2022-01-31T14:36:02","date_gmt":"2022-01-31T13:36:02","guid":{"rendered":"http:\/\/zerlina.devel.tesarovi.online\/delivery-service\/"},"modified":"2022-11-18T19:33:56","modified_gmt":"2022-11-18T18:33:56","slug":"delivery-service","status":"publish","type":"page","link":"https:\/\/www.zerlina.cz\/en\/delivery-service\/","title":{"rendered":"Delivery service"},"content":{"rendered":"<p>[vc_row][vc_column]<div class=\"agrikole-headings clearfix text-center\" data-font=70 data-mfont=60 style=\"\"><div class=\"pre-heading clearfix\" style=\"font-weight:600;color:#b41919;font-size:14px;letter-spacing:3px;\">\r\n\t\tWe take our goodies to your home\r\n\t<\/div><h2 class=\"heading clearfix \" style=\"line-height:70px;font-size:70px;\">\r\n\t\tGoat cheeses are coming!\r\n\t<\/h2><div class=\"sep clearfix\" style=\"margin:5px 0 0;\">\r\n\t\t\t\t<img decoding=\"async\" alt=\"image\" src=\"https:\/\/www.zerlina.cz\/wp-content\/uploads\/2022\/02\/Kreslici-platno-1-e1644168096444.png\">\r\n\t\t\t<\/div><\/div>\r\n\t<div class=\"agrikole-spacer clearfix\" data-desktop=\"60\" data-mobi=\"40\" data-smobi=\"40\"><\/div>[vc_row_inner][vc_column_inner width=&#8221;1\/3&#8243;]<div class=\"agrikole-image-box clearfix style-1 \" style=\"\" >\r\n        <div class=\"item\">\r\n            <div class=\"inner\">\r\n                <div class=\"thumb\" style=\"border-radius:5px; overflow:hidden;\"> <img loading=\"lazy\" decoding=\"async\" width=\"270\" height=\"175\" src=\"https:\/\/www.zerlina.cz\/wp-content\/uploads\/2022\/02\/rozvozova-sluzba-1.png\" class=\"attachment-full size-full\" alt=\"Rozvozov\u00e1 slu\u017eba farma Zerlina\" \/><\/div>\r\n                <div class=\"text-wrap \" style=\" padding:30px 0px 0px;\">\r\n                    <h3 class=\"title\" style=\"font-size:36px;margin-bottom:20px;\">\r\n        Farm delivery\r\n    <\/h3> <div class=\"desc\" style=\"\"><p>We will deliver your order to your home within 10 km around Ro\u017enov pod Radho\u0161t\u011bm. Delivery every Tuesday and Friday, minimum order 350 K\u010d.<\/p>\n<p>ORDERS send to<span> <\/span>info@zerlina.czor fill in the form below. We accept only cash. Delivery will be a minimum of 48 hours from the time of order on the following Tuesday and Friday.<\/p>\n<\/div> \r\n                <\/div>\r\n            <\/div>\r\n        <\/div>\r\n    <\/div>\r\n\t<div class=\"agrikole-spacer clearfix\" data-desktop=\"80\" data-mobi=\"40\" data-smobi=\"40\"><\/div><div class=\"button-wrap icon-right\" style=\"\" ><a href=\"kozi-delikatesy\/\" target=\"_blank\" class=\"agrikole-button btn-927095798 medium no_icon custom custom\" style=\"padding:14px;border-radius:5px;\"  data-background=\"#b41918\" data-text=\"#ffffff\" data-background-hover=\"#186192\">\r\n\t\t<span style=\"\">Cheese selection <\/span>\r\n\t<\/a><\/div>\r\n\t<div class=\"agrikole-spacer clearfix\" data-desktop=\"50\" data-mobi=\"40\" data-smobi=\"40\"><\/div><div class=\"agrikole-cf7  bg- btn-green\">\n<div class=\"wpcf7 no-js\" id=\"wpcf7-f15976-o1\" lang=\"cs-CZ\" dir=\"ltr\" data-wpcf7-id=\"15976\">\n<div class=\"screen-reader-response\"><p role=\"status\" aria-live=\"polite\" aria-atomic=\"true\"><\/p> <ul><\/ul><\/div>\n<form action=\"\/en\/wp-json\/wp\/v2\/pages\/15868#wpcf7-f15976-o1\" method=\"post\" class=\"wpcf7-form init\" aria-label=\"Kontaktn\u00ed formul\u00e1\u0159\" novalidate=\"novalidate\" data-status=\"init\">\n<div style=\"display: none;\">\n<input type=\"hidden\" name=\"_wpcf7\" value=\"15976\" \/>\n<input type=\"hidden\" name=\"_wpcf7_version\" value=\"6.0.3\" \/>\n<input type=\"hidden\" name=\"_wpcf7_locale\" value=\"cs_CZ\" \/>\n<input type=\"hidden\" name=\"_wpcf7_unit_tag\" value=\"wpcf7-f15976-o1\" \/>\n<input type=\"hidden\" name=\"_wpcf7_container_post\" value=\"0\" \/>\n<input type=\"hidden\" name=\"_wpcf7_posted_data_hash\" value=\"\" \/>\n<input type=\"hidden\" name=\"_wpcf7_recaptcha_response\" value=\"\" \/>\n<\/div>\n<p><label> Your name<br \/>\n<span class=\"wpcf7-form-control-wrap\" data-name=\"your-name\"><input size=\"40\" maxlength=\"400\" class=\"wpcf7-form-control wpcf7-text wpcf7-validates-as-required\" aria-required=\"true\" aria-invalid=\"false\" value=\"\" type=\"text\" name=\"your-name\" \/><\/span> <\/label>\n<\/p>\n<p><label> E-mail<br \/>\n<span class=\"wpcf7-form-control-wrap\" data-name=\"your-email\"><input size=\"40\" maxlength=\"400\" class=\"wpcf7-form-control wpcf7-email wpcf7-validates-as-required wpcf7-text wpcf7-validates-as-email\" aria-required=\"true\" aria-invalid=\"false\" value=\"\" type=\"email\" name=\"your-email\" \/><\/span> <\/label>\n<\/p>\n<p><label> Telephone number<br \/>\n<span class=\"wpcf7-form-control-wrap\" data-name=\"your-subject\"><input size=\"40\" maxlength=\"400\" class=\"wpcf7-form-control wpcf7-text wpcf7-validates-as-required\" aria-required=\"true\" aria-invalid=\"false\" value=\"\" type=\"text\" name=\"your-subject\" \/><\/span> <\/label>\n<\/p>\n<p><label>Choose from a range of farm products and send us your order.<br \/>\n<span class=\"wpcf7-form-control-wrap\" data-name=\"your-message\"><textarea cols=\"40\" rows=\"10\" maxlength=\"2000\" class=\"wpcf7-form-control wpcf7-textarea\" aria-invalid=\"false\" name=\"your-message\"><\/textarea><\/span> <\/label>\n<\/p>\n<p><input class=\"wpcf7-form-control wpcf7-submit has-spinner\" type=\"submit\" value=\"Send\" \/>\n<\/p><div class=\"wpcf7-response-output\" aria-hidden=\"true\"><\/div>\n<\/form>\n<\/div>\n<\/div>[\/vc_column_inner][vc_column_inner width=&#8221;1\/3&#8243;]<div class=\"agrikole-image-box clearfix style-1 \" style=\"\" >\r\n        <div class=\"item\">\r\n            <div class=\"inner\">\r\n                <div class=\"thumb\" style=\"border-radius:5px; overflow:hidden;\"> <img loading=\"lazy\" decoding=\"async\" width=\"270\" height=\"175\" src=\"https:\/\/www.zerlina.cz\/wp-content\/uploads\/2022\/02\/faremni-rozvoz-II.png\" class=\"attachment-full size-full\" alt=\"Rozvoz koz\u00edch s\u00fdr\u016f\" \/><\/div>\r\n                <div class=\"text-wrap \" style=\" padding:30px 0px 0px;\">\r\n                    <h3 class=\"title\" style=\"font-size:36px;margin-bottom:20px;\">\r\n        Delivery around the region\r\n    <\/h3> <div class=\"desc\" style=\"\"><p>We can deliver your order to Ostrava.<\/p>\n<\/div> \r\n                <\/div>\r\n            <\/div>\r\n        <\/div>\r\n    <\/div>\r\n\t<div class=\"agrikole-spacer clearfix\" data-desktop=\"80\" data-mobi=\"40\" data-smobi=\"40\"><\/div>[\/vc_column_inner][vc_column_inner width=&#8221;1\/3&#8243;]<div class=\"agrikole-image-box clearfix style-1 \" style=\"\" >\r\n        <div class=\"item\">\r\n            <div class=\"inner\">\r\n                <div class=\"thumb\" style=\"border-radius:5px; overflow:hidden;\"> <img loading=\"lazy\" decoding=\"async\" width=\"270\" height=\"175\" src=\"https:\/\/www.zerlina.cz\/wp-content\/uploads\/2022\/02\/faremni-rozvoz-III.png\" class=\"attachment-full size-full\" alt=\"\" \/><\/div>\r\n                <div class=\"text-wrap \" style=\" padding:30px 0px 0px;\">\r\n                    <h3 class=\"title\" style=\"font-size:36px;margin-bottom:20px;\">\r\n        Wholesale cooperation\r\n    <\/h3> <div class=\"desc\" style=\"\"><p>Do you have a farm shop, bistro or restaurant? Do you enjoy locality and menus with verified suppliers?<\/p>\n<p>Offer your customers <strong>premium organic goat cheeses<\/strong> from a small family farm. We are open to mutually beneficial forms of wholesale cooperation. Email us info@zerlina.cz<\/p>\n<\/div> \r\n                <\/div>\r\n            <\/div>\r\n        <\/div>\r\n    <\/div>\r\n\t<div class=\"agrikole-spacer clearfix\" data-desktop=\"50\" data-mobi=\"40\" data-smobi=\"40\"><\/div>[\/vc_column_inner][\/vc_row_inner][\/vc_column][\/vc_row]<\/p>\n","protected":false},"excerpt":{"rendered":"<p>[vc_row][vc_column][vc_row_inner][vc_column_inner width=&#8221;1\/3&#8243;][\/vc_column_inner][vc_column_inner width=&#8221;1\/3&#8243;][\/vc_column_inner][vc_column_inner width=&#8221;1\/3&#8243;][\/vc_column_inner][\/vc_row_inner][\/vc_column][\/vc_row]<\/p>\n","protected":false},"author":2,"featured_media":15778,"parent":0,"menu_order":0,"comment_status":"closed","ping_status":"closed","template":"","meta":{"_seopress_robots_primary_cat":"","_seopress_titles_title":"Delivery service family goat farm Zerlina","_seopress_titles_desc":"We will deliver your order to your home within 10 km around Ro\u017enov pod Radho\u0161t\u011bm. Our partner delivers to other locations in the Moravia region.","_seopress_robots_index":"","footnotes":""},"class_list":["post-15868","page","type-page","status-publish","has-post-thumbnail","hentry"],"_links":{"self":[{"href":"https:\/\/www.zerlina.cz\/en\/wp-json\/wp\/v2\/pages\/15868","targetHints":{"allow":["GET"]}}],"collection":[{"href":"https:\/\/www.zerlina.cz\/en\/wp-json\/wp\/v2\/pages"}],"about":[{"href":"https:\/\/www.zerlina.cz\/en\/wp-json\/wp\/v2\/types\/page"}],"author":[{"embeddable":true,"href":"https:\/\/www.zerlina.cz\/en\/wp-json\/wp\/v2\/users\/2"}],"replies":[{"embeddable":true,"href":"https:\/\/www.zerlina.cz\/en\/wp-json\/wp\/v2\/comments?post=15868"}],"version-history":[{"count":4,"href":"https:\/\/www.zerlina.cz\/en\/wp-json\/wp\/v2\/pages\/15868\/revisions"}],"predecessor-version":[{"id":16308,"href":"https:\/\/www.zerlina.cz\/en\/wp-json\/wp\/v2\/pages\/15868\/revisions\/16308"}],"wp:featuredmedia":[{"embeddable":true,"href":"https:\/\/www.zerlina.cz\/en\/wp-json\/wp\/v2\/media\/15778"}],"wp:attachment":[{"href":"https:\/\/www.zerlina.cz\/en\/wp-json\/wp\/v2\/media?parent=15868"}],"curies":[{"name":"wp","href":"https:\/\/api.w.org\/{rel}","templated":true}]}}